{"id":76,"date":"2015-09-23T01:40:36","date_gmt":"2015-09-23T01:40:36","guid":{"rendered":"http:\/\/10.0.0.10\/ceramicheilvolo.it\/?page_id=76"},"modified":"2026-01-16T17:12:44","modified_gmt":"2026-01-16T16:12:44","slug":"chi-siamo","status":"publish","type":"page","link":"https:\/\/www.ceramicheilvolo.it\/?page_id=76","title":{"rendered":"Chi Siamo"},"content":{"rendered":"<div class=\"wpb-content-wrapper\"><p>[vc_row layout=&#8221;boxed&#8221;][vc_column]            <h2 class=\"handmade-heading dark \" >\n                dalla terra con il cuore attraverso le mani... ceramiche artistiche e gioielli in ceramica            <\/h2>\n            [vc_column_text css=&#8221;&#8221;]Nella continua ricerca le emozioni prendono forma e colore. Immaginare e, attraverso le mani, dare forma e colore ad un&#8217;idea, un\u2019intuizione, o alla semplice curiosit\u00e0: questo \u00e8 il modo in cui concepisco il mio lavoro e ci\u00f2 che realizzo sono pezzi che prima di tutto piacciono a me e che propongo a chi ha il piacere di acquistare un oggetto unico, pensato e realizzato come tale, rispettando i tempi delle idee e dei materiali. E\u2019 nato cos\u00ec, nel 1997, il laboratorio di artigianato artistico \u2018Il Volo\u2019, dove adesso lavoro in sinergia con mia moglie Sandra.<\/p>\n<p>Passeggiando nel centro storico di Sarteano, verso il Castello, troverete la nostra bottega artigiana. Entrando sarete accolti nel mondo della ceramica artistica: in un ambiente suggestivo scoprirete un mestiere antico e affascinante osservando le nostre creazioni e le fasi della lavorazione. Ogni pezzo che realizziamo \u00e8 unico, creato interamente a mano con argille locali decorate con smalti e colori apiombici, nel rispetto dell\u2019uomo e dell\u2019ambiente.<\/p>\n<p>Quella che si trova sul sito \u00e8 solo una parte dei nostri lavori che viene continuamente arricchita con nuove idee e ispirazioni che diventano ceramica. Realizziamo anche oggetti personalizzati su richiesta.<\/p>\n<p>Benvenuti nella nostra bottega. Fabrizio e Sandra[\/vc_column_text][vc_empty_space][vc_gallery type=&#8221;image_grid&#8221; images=&#8221;4560,4562,4561,4559&#8243; img_size=&#8221;280&#215;280&#8243;][\/vc_column][\/vc_row]<\/p>\n<\/div>","protected":false},"excerpt":{"rendered":"<p>[vc_row layout=&#8221;boxed&#8221;][vc_column][vc_column_text css=&#8221;&#8221;]Nella continua ricerca le emozioni prendono forma e colore. Immaginare e, attraverso le mani, dare forma e colore ad un&#8217;idea, un\u2019intuizione, o alla semplice curiosit\u00e0: questo \u00e8 il modo in cui concepisco il mio lavoro e ci\u00f2 che realizzo sono pezzi che prima di tutto piacciono a me e che propongo a chi&#8230; <a class=\"read-more p-color\" rel=\"bookmark\" title=\"Chi Siamo\" href=\"https:\/\/www.ceramicheilvolo.it\/?page_id=76\">View more<\/a><\/p>\n","protected":false},"author":1,"featured_media":0,"parent":0,"menu_order":0,"comment_status":"closed","ping_status":"closed","template":"","meta":{"footnotes":""},"class_list":["post-76","page","type-page","status-publish","hentry"],"_links":{"self":[{"href":"https:\/\/www.ceramicheilvolo.it\/index.php?rest_route=\/wp\/v2\/pages\/76","targetHints":{"allow":["GET"]}}],"collection":[{"href":"https:\/\/www.ceramicheilvolo.it\/index.php?rest_route=\/wp\/v2\/pages"}],"about":[{"href":"https:\/\/www.ceramicheilvolo.it\/index.php?rest_route=\/wp\/v2\/types\/page"}],"author":[{"embeddable":true,"href":"https:\/\/www.ceramicheilvolo.it\/index.php?rest_route=\/wp\/v2\/users\/1"}],"replies":[{"embeddable":true,"href":"https:\/\/www.ceramicheilvolo.it\/index.php?rest_route=%2Fwp%2Fv2%2Fcomments&post=76"}],"version-history":[{"count":40,"href":"https:\/\/www.ceramicheilvolo.it\/index.php?rest_route=\/wp\/v2\/pages\/76\/revisions"}],"predecessor-version":[{"id":7371,"href":"https:\/\/www.ceramicheilvolo.it\/index.php?rest_route=\/wp\/v2\/pages\/76\/revisions\/7371"}],"wp:attachment":[{"href":"https:\/\/www.ceramicheilvolo.it\/index.php?rest_route=%2Fwp%2Fv2%2Fmedia&parent=76"}],"curies":[{"name":"wp","href":"https:\/\/api.w.org\/{rel}","templated":true}]}}