{"id":3319,"date":"2019-09-04T15:28:40","date_gmt":"2019-09-04T13:28:40","guid":{"rendered":"http:\/\/newsite.ceramicheilvolo.it\/?page_id=3319"},"modified":"2019-09-09T18:03:20","modified_gmt":"2019-09-09T16:03:20","slug":"informativa-sull-uso-dei-cookies","status":"publish","type":"page","link":"https:\/\/www.ceramicheilvolo.it\/?page_id=3319","title":{"rendered":"Informativa sull&#8217;uso dei cookies"},"content":{"rendered":"<div class=\"wpb-content-wrapper\"><p>[vc_row][vc_column]            <h2 class=\"handmade-heading dark \" >\n                Informativa sull'uso dei cookies            <\/h2>\n            [\/vc_column][\/vc_row][vc_row][vc_column][vc_column_text]<\/p>\n<h3 class=\"western\">Cosa sono i cookies?<\/h3>\n<p>I cookies sono piccoli file di testo che permettono al server web di memorizzare sul browser dell&#8217;utente informazioni da riutilizzare nel corso della medesima visita al sito o in seguito, anche a distanza di giorni. I cookies vengono memorizzati dal singolo browser sul dispositivo utilizzato (computer, tablet, smartphone).<\/p>\n<h3>Quali sono le principali tipologie di cookies?<\/h3>\n<p><strong>Cookies tecnici<br \/>\n<\/strong>Servono a effettuare la navigazione o a fornire un servizio richiesto dall&#8217;utente, sono pertanto necessari per il corretto funzionamento del sito. Non vengono utilizzati per scopi ulteriori.<\/p>\n<p><strong>Cookies Analitici<\/strong><br \/>\nI cookies analitici sono assimilati ai cookies tecnici laddove utilizzati direttamente dal titolare del sito per raccogliere informazioni, in forma aggregata e anonima, sul numero degli utenti e su come questi visitano il sito stesso. <strong><br \/>\n<\/strong><\/p>\n<p><strong>Cookies analitici di terze parti<br \/>\n<\/strong>Questi cookie sono utilizzati al fine di raccogliere informazioni sull\u2019uso del sito da parte degli utenti in forma anonima quali: pagine visitate, tempo di permanenza, origini del traffico di provenienza, provenienza geografica, et\u00e0, genere e altro. Questi cookie sono inviati da domini di terze parti esterni al sito.<\/p>\n<p><strong>Cookie per integrare prodotti e funzioni di software di terze parti<br \/>\n<\/strong>Questa tipologia di cookie integra funzionalit\u00e0 sviluppate da terzi all\u2019interno delle pagine del sito come le icone e le preferenze espresse nei social network al fine di condivisione dei contenuti del sito o per l\u2019uso di servizi software di terze parti (come i software per generare le mappe e ulteriori software che offrono servizi aggiuntivi). Questi cookie sono inviati da domini di terze parti e da siti partner che offrono le loro funzionalit\u00e0 tra le pagine del Sito.<strong><br \/>\n<\/strong><\/p>\n<p><strong>Cookies di profilazione<br \/>\n<\/strong>Sono utilizzati per tracciare la navigazione dell&#8217;utente in rete e creare profili sui suoi gusti, abitudini, scelte, ecc. Con questi cookies possono essere trasmessi al terminale dell&#8217;utente messaggi pubblicitari in linea con le preferenze gi\u00e0 manifestate dallo stesso utente nella navigazione online. Per l&#8217;installazione dei cookies di profilazione \u00e8 necessario il consenso dell&#8217;utente, che pu\u00f2 essere manifestato oppure revocato dall&#8217;utente.<\/p>\n<h3>Quali cookies utilizza il presente sito web?<\/h3>\n<p>Questo sito utilizza cookies di tipo tecnico che non consentono l\u2019acquisizione di dati personali identificativi dell\u2019utente. In qualsiasi momento l\u2019utente potr\u00e0 cancellare i cookies dal proprio sistema, con modalit\u00e0 diverse a seconda del browser utilizzato. In tal caso non \u00e8 garantito il corretto funzionamento di tutti gli strumenti che il nostro sito mette a vostra disposizione.<\/p>\n<p>Questo sito fa utilizzo di Google Maps, un servizio di fruizione di carte geografiche di Google Inc. Google Maps utilizza cookies per memorizzare le preferenze utente durante la visualizzazione delle mappe (PREF) e per tenere traccia del comportamento del visitatore (SID, SAPISID, APISID, SSID, HSID, NID). Per quanto riguarda l\u2019utilizzo dei Cookie da parte di Google Maps e come controllarli si rimanda a <a href=\"https:\/\/policies.google.com\/technologies\/cookies?hl=it\" target=\"_blank\" rel=\"noopener noreferrer\">https:\/\/policies.google.com\/technologies\/cookies?hl=it<\/a><\/p>\n<h3>Consenso dell\u2019utente<\/h3>\n<p>Collegandosi per la prima volta ad una qualunque pagina di questo sito, l\u2019utente vedr\u00e0 apparire una informativa sintetica sull\u2019utilizzo dei cookie. Cliccando sull\u2019apposito pulsante \u201cAccetto\u201d l\u2019utente acconsente all\u2019utilizzo dei cookie descritti nella presente Cookie Policy.<br \/>\nIl sito ricorda la scelta effettuata dall\u2019utente per 90 giorni, pertanto l\u2019informativa breve non verr\u00e0 riproposta nei collegamenti successivi dallo stesso dispositivo per questo periodo di tempo.<br \/>\nIn caso di problemi di natura tecnica legati alla prestazione del consenso, preghiamo l\u2019utente di contattarci all\u2019indirizzo e-mail indicato sul sito.<br \/>\nQualora l\u2019utente non fosse d\u2019accordo con l\u2019installazione dei cookie, dovr\u00e0 configurare il browser in modo da disabilitare la ricezione dei cookie o non usare questo sito.<\/p>\n<h3>Come disabilitare i cookie mediante configurazione del browser<\/h3>\n<p>L&#8217;utente pu\u00f2 decidere se accettare o meno i cookies utilizzando le impostazioni del proprio browser.<\/p>\n<p><strong>Google Chrome:<br \/>\n<\/strong><a href=\"https:\/\/support.google.com\/chrome\/answer\/95647?co=GENIE.Platform%3DDesktop&amp;hl=it\" target=\"_blank\" rel=\"noopener noreferrer\">https:\/\/support.google.com\/chrome\/answer\/95647?co=GENIE.Platform%3DDesktop&amp;hl=it<\/a><strong><br \/>\n<\/strong><\/p>\n<p><strong>Mozilla Firefox:<br \/>\n<\/strong><a href=\"https:\/\/support.mozilla.org\/it\/kb\/Attivare%20e%20disattivare%20i%20cookie\" target=\"_blank\" rel=\"noopener noreferrer\">https:\/\/support.mozilla.org\/it\/kb\/Attivare%20e%20disattivare%20i%20cookie<\/a><strong><br \/>\n<\/strong><\/p>\n<p><strong>Internet Explorer:<br \/>\n<\/strong><a href=\"https:\/\/support.microsoft.com\/it-it\/help\/17442\/windows-internet-explorer-delete-manage-cookies\" target=\"_blank\" rel=\"noopener noreferrer\">https:\/\/support.microsoft.com\/it-it\/help\/17442\/windows-internet-explorer-delete-manage-cookies<\/a><\/p>\n<p><strong>Microsoft Edge:<br \/>\n<a href=\"https:\/\/privacy.microsoft.com\/it-it\/windows-10-microsoft-edge-and-privacy\" target=\"_blank\" rel=\"noopener noreferrer\">https:\/\/privacy.microsoft.com\/it-it\/windows-10-microsoft-edge-and-privacy<\/a><\/strong><\/p>\n<p><strong>Safari 6\/7:<br \/>\n<\/strong><a href=\"https:\/\/support.apple.com\/kb\/PH17191?viewlocale=it_IT&amp;locale=it_IT\" target=\"_blank\" rel=\"noopener noreferrer\">https:\/\/support.apple.com\/kb\/PH17191?viewlocale=it_IT&amp;locale=it_IT<\/a><\/p>\n<p><strong>Safari IOS:<br \/>\n<\/strong><a href=\"https:\/\/support.apple.com\/it-it\/HT201265\" target=\"_blank\" rel=\"noopener noreferrer\">https:\/\/support.apple.com\/it-it\/HT201265<\/a><\/p>\n<p><strong>Opera:<br \/>\n<\/strong><a href=\"http:\/\/help.opera.com\/Windows\/10.00\/it\/cookies.html\" target=\"_blank\" rel=\"noopener noreferrer\">http:\/\/help.opera.com\/Windows\/10.00\/it\/cookies.html<\/a>[\/vc_column_text][\/vc_column][\/vc_row]<\/p>\n<\/div>","protected":false},"excerpt":{"rendered":"<p>[vc_row][vc_column][\/vc_column][\/vc_row][vc_row][vc_column][vc_column_text] Cosa sono i cookies? I cookies sono piccoli file di testo che permettono al server web di memorizzare sul browser dell&#8217;utente informazioni da riutilizzare nel corso della medesima visita al sito o in seguito, anche a distanza di giorni. I cookies vengono memorizzati dal singolo browser sul dispositivo utilizzato (computer, tablet, smartphone). Quali sono&#8230; <a class=\"read-more p-color\" rel=\"bookmark\" title=\"Informativa sull&#8217;uso dei cookies\" href=\"https:\/\/www.ceramicheilvolo.it\/?page_id=3319\">View more<\/a><\/p>\n","protected":false},"author":1,"featured_media":0,"parent":0,"menu_order":0,"comment_status":"closed","ping_status":"open","template":"","meta":{"footnotes":""},"class_list":["post-3319","page","type-page","status-publish","hentry"],"_links":{"self":[{"href":"https:\/\/www.ceramicheilvolo.it\/index.php?rest_route=\/wp\/v2\/pages\/3319","targetHints":{"allow":["GET"]}}],"collection":[{"href":"https:\/\/www.ceramicheilvolo.it\/index.php?rest_route=\/wp\/v2\/pages"}],"about":[{"href":"https:\/\/www.ceramicheilvolo.it\/index.php?rest_route=\/wp\/v2\/types\/page"}],"author":[{"embeddable":true,"href":"https:\/\/www.ceramicheilvolo.it\/index.php?rest_route=\/wp\/v2\/users\/1"}],"replies":[{"embeddable":true,"href":"https:\/\/www.ceramicheilvolo.it\/index.php?rest_route=%2Fwp%2Fv2%2Fcomments&post=3319"}],"version-history":[{"count":7,"href":"https:\/\/www.ceramicheilvolo.it\/index.php?rest_route=\/wp\/v2\/pages\/3319\/revisions"}],"predecessor-version":[{"id":3688,"href":"https:\/\/www.ceramicheilvolo.it\/index.php?rest_route=\/wp\/v2\/pages\/3319\/revisions\/3688"}],"wp:attachment":[{"href":"https:\/\/www.ceramicheilvolo.it\/index.php?rest_route=%2Fwp%2Fv2%2Fmedia&parent=3319"}],"curies":[{"name":"wp","href":"https:\/\/api.w.org\/{rel}","templated":true}]}}